{"id":145893,"date":"2025-04-15T01:53:04","date_gmt":"2025-04-14T23:53:04","guid":{"rendered":"https:\/\/estelamaram.com\/?page_id=145893"},"modified":"2025-06-29T03:40:28","modified_gmt":"2025-06-29T01:40:28","slug":"accesibilidad","status":"publish","type":"page","link":"https:\/\/estelamaram.com\/es\/accesibilidad\/","title":{"rendered":"accesibilidad"},"content":{"rendered":"<div class=\"wpb-content-wrapper\"><div data-parent=\"true\" class=\"vc_row row-container\" id=\"row-unique-0\"><div class=\"row limit-width row-parent\"><div class=\"wpb_row row-inner\"><div class=\"wpb_column pos-top pos-center align_left column_parent col-lg-12 single-internal-gutter\"><div class=\"uncol style-light\"  ><div class=\"uncoltable\"><div class=\"uncell no-block-padding\" ><div class=\"uncont\" ><div class=\"uncode_text_column text-lead text-color-jevc-color\" ><\/p>\n<h1>Declaraci\u00f3n de Accesibilidad<\/h1>\n<p>La presente declaraci\u00f3n de accesibilidad se aplica al sitio web <strong>https:\/\/estelamaram.com\/<\/strong><\/p>\n<h2>Pol\u00edtica de accesibilidad<\/h2>\n<p><b>Estela Mar\u00edn Ram\u00edrez <\/b>con <strong>CIF: <b>49559348Y<\/b><\/strong> se ha comprometido a hacer accesible su sitio web https:\/\/estelamaram.com\/ de conformidad con el Real Decreto 1112\/2018, de 7 de septiembre, sobre accesibilidad de los sitios web y aplicaciones para dispositivos m\u00f3viles del sector p\u00fablico, o desarrollos financiados desde Europa.<\/p>\n<p>La presente declaraci\u00f3n de accesibilidad se aplica al sitio web https:\/\/estelamaram.com\/ excluyendo los contenidos incrustados provenientes de otros dominios.<\/p>\n<p><strong>Situaci\u00f3n de cumplimiento<\/strong><\/p>\n<p>Este sitio web es\u00a0<strong>Parcialmente conforme<\/strong>\u00a0con el RD 1112\/2018 debido a la falta de conformidad de los aspectos que se indican a continuaci\u00f3n.<\/p>\n<h3>Contenido no accesible<\/h3>\n<p>El contenido que se recoge a continuaci\u00f3n no es accesible por los siguientes motivos:<\/p>\n<p><strong>Falta de conformidad<\/strong>:<\/p>\n<p>Pueden existir algunas im\u00e1genes cuya alternativa no est\u00e9 implementada o no sea correcta \u2013 \u2013 Requisito 9.1.1.1 Contenido no textual UNE-EN 301549:2022 En los formularios, puede haber campos que no se hayan facilitado su rellenado a trav\u00e9s de sistemas autom\u00e1ticos \u2013 Requisito 9.1.3.5 Identificar el prop\u00f3sito de la entrada UNE-EN 301549:2022 Podr\u00edan existir fallos puntuales de edici\u00f3n en alguna p\u00e1gina web. Carga desproporcionada: No resulta aplicable.El contenido no entra dentro del \u00e1mbito de la legislaci\u00f3n aplicable.<\/p>\n<p>Podr\u00edan existir archivos ofim\u00e1ticos en PDF u otros formatos publicados antes del 20 de septiembre de 2018 que no cumplan en su totalidad todos los requisitos de accesibilidad. Puede haber contenidos de terceros que no est\u00e9n desarrollados en esta Unidad, ni bajo su control, como archivos ofim\u00e1ticos de diferentes organismos que deban publicarse en este sitio.<\/p>\n<h3>Observaciones y datos de contacto<\/h3>\n<p>Puede realizar comunicaciones sobre requisitos de accesibilidad [art\u00edculo 10.2.a) del RD 1112\/2018] como, por ejemplo:<br \/>\nInformar sobre cualquier posible incumplimiento por parte de este sitio web. Transmitir otras dificultades de acceso al contenido. Formular cualquier otra consulta o sugerencia de mejora relativa a la accesibilidad del sitio web a trav\u00e9s del siguiente formulario de contacto o llamando al tel\u00e9fono +34652564888\u00a0 de 9 a 14 horas de martes a viernes.<\/p>\n<p><strong>Puede presentar:<\/strong><br \/>\nUna queja relativa al cumplimiento de los requisitos del RD 1112\/2018 Una solicitud de informaci\u00f3n accesible relativa a: Contenidos que est\u00e1n excluidos del \u00e1mbito de aplicaci\u00f3n del RD 1112\/2018 seg\u00fan lo establecido por el art\u00edculo 3, apartado 4. Contenidos que est\u00e1n exentos del cumplimiento de los requisitos de accesibilidad por imponer una carga desproporcionada.<\/p>\n<p>En la solicitud de informaci\u00f3n accesible, se debe concretar, con toda claridad, los hechos, razones y petici\u00f3n que permitan constatar que se trata de una solicitud razonable y leg\u00edtima.<\/p>\n<h3>CONTENIDO OPCIONAL<\/h3>\n<p>Esta web esta dise\u00f1ado para poder cambiar el tama\u00f1o del texto y el color, as\u00ed como el fondo de la pagina mediante las opciones de configuraci\u00f3n est\u00e1ndar de los navegadores.<\/p>\n<p>Si desea cambiar el tama\u00f1o de letra del texto en los principales navegadores gr\u00e1ficos utilice los siguientes men\u00fas:<\/p>\n<ul>\n<li>Internet Explorer, Mozilla y Firefox: Ver &gt; Tama\u00f1o del texto<\/li>\n<li>Opera: Ver &gt; Zoom<\/li>\n<li>Safari: Ver &gt; Hacer el texto m\u00e1s grande<\/li>\n<li>Chrome: Controla la pagina actual &gt; Tama\u00f1o del texto<\/li>\n<li>Para modificar el tama\u00f1o de todo en la p\u00e1gina:\n<ul>\n<li>Ctrl + + para aumentarlo<\/li>\n<li>Ctrl + \u2013 para disminuirlo<\/li>\n<li>Ctrl + 0 restaura el tama\u00f1o original del texto<\/li>\n<\/ul>\n<\/li>\n<\/ul>\n<p>\n<\/div><\/div><\/div><\/div><\/div><\/div><script id=\"script-row-unique-0\" data-row=\"script-row-unique-0\" type=\"text\/javascript\" class=\"vc_controls\">UNCODE.initRow(document.getElementById(\"row-unique-0\"));<\/script><\/div><\/div><\/div>\n<\/div>","protected":false},"excerpt":{"rendered":"Declaraci\u00f3n de Accesibilidad La presente declaraci\u00f3n de accesibilidad se aplica al sitio web https:\/\/estelamaram.com\/ Pol\u00edtica de accesibilidad Estela Mar\u00edn Ram\u00edrez [...]","protected":false},"author":1,"featured_media":0,"parent":0,"menu_order":0,"comment_status":"closed","ping_status":"closed","template":"","meta":{"footnotes":""},"class_list":["post-145893","page","type-page","status-publish","hentry"],"_links":{"self":[{"href":"https:\/\/estelamaram.com\/es\/wp-json\/wp\/v2\/pages\/145893","targetHints":{"allow":["GET"]}}],"collection":[{"href":"https:\/\/estelamaram.com\/es\/wp-json\/wp\/v2\/pages"}],"about":[{"href":"https:\/\/estelamaram.com\/es\/wp-json\/wp\/v2\/types\/page"}],"author":[{"embeddable":true,"href":"https:\/\/estelamaram.com\/es\/wp-json\/wp\/v2\/users\/1"}],"replies":[{"embeddable":true,"href":"https:\/\/estelamaram.com\/es\/wp-json\/wp\/v2\/comments?post=145893"}],"version-history":[{"count":5,"href":"https:\/\/estelamaram.com\/es\/wp-json\/wp\/v2\/pages\/145893\/revisions"}],"predecessor-version":[{"id":146014,"href":"https:\/\/estelamaram.com\/es\/wp-json\/wp\/v2\/pages\/145893\/revisions\/146014"}],"wp:attachment":[{"href":"https:\/\/estelamaram.com\/es\/wp-json\/wp\/v2\/media?parent=145893"}],"curies":[{"name":"wp","href":"https:\/\/api.w.org\/{rel}","templated":true}]}}